{"id":174,"date":"2011-02-19T18:18:39","date_gmt":"2011-02-19T23:18:39","guid":{"rendered":"http:\/\/www.reforplas.com\/wordpress\/?page_id=174"},"modified":"2013-11-12T11:20:41","modified_gmt":"2013-11-12T16:20:41","slug":"info","status":"publish","type":"page","link":"https:\/\/www.reforplas.com\/wordpress\/info\/","title":{"rendered":"INFO"},"content":{"rendered":"<h2><span style=\"color: #000000;\">MISION<\/span><\/h2>\n<h3><span style=\"color: #000000;\">Somos una empresa que proporciona soluciones innovadoras para nuestros clientes y sus usuarios, maximizando el valor de cada producto mediante el aporte y gesti\u00f3n eficientes de calidad, cumplimiento y garant\u00eda, soportado con recursos tecnol\u00f3gicos, talento humano y amplio conocimiento t\u00e9cnico.<\/span><\/h3>\n<p>&nbsp;<\/p>\n<h3><\/h3>\n<h2><span style=\"color: #000000;\">VISION\u00a0<\/span><\/h2>\n<h3><span style=\"color: #000000;\">Queremos ser la mejor alternativa para todos nuestros clientes a nivel local e internacional.<br \/>\n<\/span><\/h3>\n<h3><\/h3>\n<p>&nbsp;<\/p>\n<p>&nbsp;<\/p>\n<p>REFORPLAS S.A.S es una empresa con mas de 33 a\u00f1os de experiencia dedicada desde 1.979 al diseno y la fabricacion de productos y materias primas elaboradas a partir de materiales compuestos (polimeros) y maderas procesadas.<\/p>\n<div class=\"wrapper\">\n<div class=\"one_third\">\n<ul>\n<li><a href=\"#\">Lorem ipsum dolor sit elit.<\/a><\/li>\n<li><a href=\"#\">Fusce sagittis est varius arcu.<\/a><\/li>\n<li><a href=\"#\">Ut elementum magna nisl.<\/a><\/li>\n<li><a href=\"#\">In volutpat risus condime.<\/a><\/li>\n<\/ul>\n<\/div>\n<div class=\"one_third\">\n<ul>\n<li><a href=\"#\">Lorem ipsum dolor sit elit.<\/a><\/li>\n<li><a href=\"#\">Fusce sagittis est varius arcu.<\/a><\/li>\n<li><a href=\"#\">Ut elementum magna nisl.<\/a><\/li>\n<li><a href=\"#\">In volutpat risus condime.<\/a><\/li>\n<\/ul>\n<\/div>\n<div class=\"one_third last_col\">\n<ul>\n<li><a href=\"#\">Lorem ipsum dolor sit elit.<\/a><\/li>\n<li><a href=\"#\">Fusce sagittis est varius arcu.<\/a><\/li>\n<li><a href=\"#\">Ut elementum magna nisl.<\/a><\/li>\n<li><a href=\"#\">In volutpat risus condime.<\/a><\/li>\n<\/ul>\n<\/div>\n<\/div>\n<p>Integer varius sodales arcu sit amet ultrices. Pellentesque pretium lacus sed nisl tempus posuere. Donec sed ipsum arcu, ut imperdiet risus. Nam sit amet eros vel arcu rutrum rhoncus vel eu nibh. Duis id eros leo, vitae ultricies tortor. Aliquam erat volutpat. Nulla interdum, nulla a sollicitudin malesuada, elit ligula tincidunt eros, at pretium ipsum dui in tellus. Suspendisse eros <strong>2005<\/strong> metus, tempor vel tincidunt eget, porta id mi. Etiam ut tortor sem. In turpis magna, scelerisque eu consequat vel, bibendum sit amet felis.<\/p>\n<p>Cras euismod venenatis pulvinar. Vestibulum posuere, neque ac eleifend tristique, enim nulla condimentum odio, et cursus justo lacus eget nulla. Suspendisse arcu lorem, blandit vitae blandit in, vulputate sed metus. Phasellus rutrum, velit ut vulputate auctor, nunc purus egestas odio, sit amet fermentum ante lorem et nisi. Curabitur aliquam vulputate velit, et mollis eros rutrum vel. Pellentesque habitant morbi tristique senectus et netus et malesuada fames ac turpis egestas. Pellentesque habitant morbi tristique senectus et netus et malesuada fames ac turpis egestas. Nunc facilisis, magna a gravida ultrices, nibh lectus pharetra sapien, sit amet sagittis nulla velit nec purus. Nulla viverra, enim vel consectetur luctus, ipsum turpis rutrum massa, ac imperdiet ante ipsum non odio. Praesent convallis fermentum rhoncus. Etiam tincidunt dolor et dui ornare vehicula. Curabitur a urna mi. Nam dignissim lacus eu leo mattis varius.<\/p>\n<div class=\"wrapper\">\n<div class=\"one_half\">\n<ul>\n<li><a href=\"#\">Lorem ipsum dolor sit amet, consectetur adipiscing elit.<\/a><\/li>\n<li><a href=\"#\">Fusce sagittis est at nisi gravida in varius arcu.<\/a><\/li>\n<li><a href=\"#\">Ut elementum magna eu dolor faucibus vel gravida nisl.<\/a><\/li>\n<li><a href=\"#\">In volutpat risus sed sem cursus nec condimentum.<\/a><\/li>\n<\/ul>\n<\/div>\n<div class=\"one_half last_col\">\n<ul>\n<li><a href=\"#\">Lorem ipsum dolor sit amet, consectetur adipiscing elit.<\/a><\/li>\n<li><a href=\"#\">Fusce sagittis est at nisi gravida in varius arcu.<\/a><\/li>\n<li><a href=\"#\">Ut elementum magna eu dolor faucibus vel gravida nisl.<\/a><\/li>\n<li><a href=\"#\">In volutpat risus sed sem cursus nec condimentum.<\/a><\/li>\n<\/ul>\n<\/div>\n<\/div>\n<p>Duis ligula nunc, scelerisque et lobortis porttitor, malesuada eu odio. Phasellus accumsan vulputate ultrices. Integer sagittis elementum erat, et scelerisque <strong>2010<\/strong> erat facilisis consectetur. Fusce bibendum, nunc at iaculis luctus, tellus ante placerat est, vitae faucibus leo eros non dui. Vivamus vitae ligula lacus. Pellentesque mollis varius placerat. Mauris tincidunt dui vitae ligula feugiat vel commodo nisi porttitor. Nullam id lacus non ligula interdum auctor at vel risus. Quisque vel libero diam. Quisque elit lorem, vehicula posuere porta et, adipiscing a eros. Nam sollicitudin risus sed ligula imperdiet vel bibendum velit ultricies. Proin id lorem et nunc adipiscing fringilla vel ut lectus.<\/p>\n<p>Etiam in ullamcorper erat. Pellentesque bibendum pellentesque sem, eget vestibulum diam hendrerit et. Proin eget nisi sapien, ut adipiscing mi. Vestibulum ante ipsum primis in faucibus orci luctus et ultrices posuere cubilia Curae; Suspendisse quam enim, interdum quis pulvinar eu, gravida quis nibh. Praesent cursus rhoncus orci, vel commodo leo auctor eget. Praesent porttitor lacus non tortor tristique eu gravida erat commodo. Vivamus sit amet elit turpis, id tempor sapien. Phasellus quis elit lorem, in tincidunt nunc. Nullam commodo, lacus in dignissim interdum, justo purus bibendum nulla, a dignissim diam enim et erat. Donec nec magna mauris.<\/p>\n","protected":false},"excerpt":{"rendered":"<p>MISION Somos una empresa que proporciona soluciones innovadoras para nuestros clientes y sus usuarios, maximizando el valor de cada producto mediante el aporte y gesti\u00f3n eficientes de calidad, cumplimiento y garant\u00eda, soportado con recursos tecnol\u00f3gicos, talento humano y amplio conocimiento t\u00e9cnico. &nbsp; VISION\u00a0 Queremos ser la mejor alternativa para todos nuestros clientes a nivel local [&hellip;]<\/p>\n","protected":false},"author":1,"featured_media":0,"parent":0,"menu_order":0,"comment_status":"closed","ping_status":"closed","template":"","meta":{"nf_dc_page":"","ngg_post_thumbnail":0,"footnotes":""},"class_list":["post-174","page","type-page","status-publish","hentry"],"aioseo_notices":[],"_links":{"self":[{"href":"https:\/\/www.reforplas.com\/wordpress\/wp-json\/wp\/v2\/pages\/174","targetHints":{"allow":["GET"]}}],"collection":[{"href":"https:\/\/www.reforplas.com\/wordpress\/wp-json\/wp\/v2\/pages"}],"about":[{"href":"https:\/\/www.reforplas.com\/wordpress\/wp-json\/wp\/v2\/types\/page"}],"author":[{"embeddable":true,"href":"https:\/\/www.reforplas.com\/wordpress\/wp-json\/wp\/v2\/users\/1"}],"replies":[{"embeddable":true,"href":"https:\/\/www.reforplas.com\/wordpress\/wp-json\/wp\/v2\/comments?post=174"}],"version-history":[{"count":18,"href":"https:\/\/www.reforplas.com\/wordpress\/wp-json\/wp\/v2\/pages\/174\/revisions"}],"predecessor-version":[{"id":1245,"href":"https:\/\/www.reforplas.com\/wordpress\/wp-json\/wp\/v2\/pages\/174\/revisions\/1245"}],"wp:attachment":[{"href":"https:\/\/www.reforplas.com\/wordpress\/wp-json\/wp\/v2\/media?parent=174"}],"curies":[{"name":"wp","href":"https:\/\/api.w.org\/{rel}","templated":true}]}}