{"id":30,"date":"2011-01-26T15:29:29","date_gmt":"2011-01-26T15:29:29","guid":{"rendered":"http:\/\/www.reforplas.com\/wordpress\/?page_id=30"},"modified":"2012-07-31T12:44:41","modified_gmt":"2012-07-31T17:44:41","slug":"services","status":"publish","type":"page","link":"https:\/\/www.reforplas.com\/wordpress\/services\/","title":{"rendered":"VALORES"},"content":{"rendered":"<h2><span style=\"text-decoration: underline; color: #000000;\">\u00a0VALORES CORPORATIVOS<\/span><\/h2>\n<p>&nbsp;<\/p>\n<h3><span style=\"color: #000000;\"><strong>FOCO AL CLIENTE<\/strong>:\u00a0 La relacion con nuestros socios de negocios es amable, oportuna y eficaz, escuchamos sus necesidades y proponemos nuevas alternativas para superar sus expectativas.<\/span><\/h3>\n<p>&nbsp;<\/p>\n<h3><strong><span style=\"color: #000000;\">ORIENTACI\u00d3N<\/span><\/strong><span style=\"color: #000000;\"><strong> AL CLIENTE<\/strong>:\u00a0Nos esforzamos cada dia en superar nuestras metas y optimizar el uso de recursos para crear valor.<\/span><br \/>\n<span style=\"color: #000000;\"> Respeto:\u00a0\u00a0Damos un trato digno a nuestros socios de negocios y colaboradores y valoramos sus diferencias.<\/span><\/h3>\n<p>&nbsp;<\/p>\n<h3><span style=\"color: #000000;\"><strong>SERVICIO<\/strong>:\u00a0 Estamos comprometidos con la identificaci\u00f3n y satisfacci\u00f3n de las leg\u00edtimas necesidades de nuestros socios de negocios y colaboradores.<\/span><\/h3>\n<p>&nbsp;<\/p>\n<p>&nbsp;<\/p>\n<p>&nbsp;<\/p>\n<p><img loading=\"lazy\" decoding=\"async\" loading=\"lazy\" class=\"alignleft size-medium wp-image-219\" title=\"post-img8\" src=\"http:\/\/www.reforplas.com\/wordpress\/wp-content\/uploads\/2011\/01\/post-img8-300x142.jpg\" alt=\"\" width=\"300\" height=\"142\" srcset=\"https:\/\/www.reforplas.com\/wordpress\/wp-content\/uploads\/2011\/01\/post-img8-300x142.jpg 300w, https:\/\/www.reforplas.com\/wordpress\/wp-content\/uploads\/2011\/01\/post-img8-600x285.jpg 600w, https:\/\/www.reforplas.com\/wordpress\/wp-content\/uploads\/2011\/01\/post-img8.jpg 940w\" sizes=\"auto, (max-width: 300px) 100vw, 300px\" \/><\/p>\n<h4>Nunc ac dui a dui ultricies<\/h4>\n<p>Cras iaculis sollicitudin mattis. In commodo magna eu urna rhoncus malesuada. Donec iaculis placerat tellus vitae dictum. Phasellus eget posuere. Sed nunc, sed tincidunt turpis feugiat in. Nulla tincidunt luctus tellus.<\/p>\n<p>Phasellus et magna lacus, ut eleifend lorem. Proin condimentum erat in sapien pellentesque venenatis. Aliquam venenatis nisl vel urna lacinia semper. Quisque nec gravida est. Praesent ut tortor quam, sed faucibus mauris.<\/p>\n<p>Donec bibendum libero diam, non imperdiet enim. Sed eu vehicula ipsum. Nunc varius pulvinar urna a luctus. Nam a enim turpis, in malesuada nibh. Aenean eu condimentum arcu.<\/p>\n<p><a class=\"button\" href=\"#\">Learn More<\/a><\/p>\n","protected":false},"excerpt":{"rendered":"<p>\u00a0VALORES CORPORATIVOS &nbsp; FOCO AL CLIENTE:\u00a0 La relacion con nuestros socios de negocios es amable, oportuna y eficaz, escuchamos sus necesidades y proponemos nuevas alternativas para superar sus expectativas. &nbsp; ORIENTACI\u00d3N AL CLIENTE:\u00a0Nos esforzamos cada dia en superar nuestras metas y optimizar el uso de recursos para crear valor. Respeto:\u00a0\u00a0Damos un trato digno a nuestros [&hellip;]<\/p>\n","protected":false},"author":1,"featured_media":0,"parent":0,"menu_order":1,"comment_status":"closed","ping_status":"closed","template":"page-services.php","meta":{"nf_dc_page":"","ngg_post_thumbnail":0,"footnotes":""},"class_list":["post-30","page","type-page","status-publish","hentry"],"aioseo_notices":[],"_links":{"self":[{"href":"https:\/\/www.reforplas.com\/wordpress\/wp-json\/wp\/v2\/pages\/30","targetHints":{"allow":["GET"]}}],"collection":[{"href":"https:\/\/www.reforplas.com\/wordpress\/wp-json\/wp\/v2\/pages"}],"about":[{"href":"https:\/\/www.reforplas.com\/wordpress\/wp-json\/wp\/v2\/types\/page"}],"author":[{"embeddable":true,"href":"https:\/\/www.reforplas.com\/wordpress\/wp-json\/wp\/v2\/users\/1"}],"replies":[{"embeddable":true,"href":"https:\/\/www.reforplas.com\/wordpress\/wp-json\/wp\/v2\/comments?post=30"}],"version-history":[{"count":17,"href":"https:\/\/www.reforplas.com\/wordpress\/wp-json\/wp\/v2\/pages\/30\/revisions"}],"predecessor-version":[{"id":678,"href":"https:\/\/www.reforplas.com\/wordpress\/wp-json\/wp\/v2\/pages\/30\/revisions\/678"}],"wp:attachment":[{"href":"https:\/\/www.reforplas.com\/wordpress\/wp-json\/wp\/v2\/media?parent=30"}],"curies":[{"name":"wp","href":"https:\/\/api.w.org\/{rel}","templated":true}]}}